{"id":10,"date":"2019-04-02T06:19:01","date_gmt":"2019-04-02T06:19:01","guid":{"rendered":"http:\/\/ld-wp.template-help.com\/wordpress_free\/23460\/?page_id=10"},"modified":"2021-10-23T11:51:35","modified_gmt":"2021-10-23T08:51:35","slug":"hakkimizda","status":"publish","type":"page","link":"https:\/\/www.naznet.com.tr\/web\/hakkimizda\/","title":{"rendered":"Hakk\u0131m\u0131zda"},"content":{"rendered":"\t\t<div data-elementor-type=\"wp-post\" data-elementor-id=\"10\" class=\"elementor elementor-10\">\n\t\t\t\t\t\t<section class=\"elementor-section elementor-top-section elementor-element elementor-element-59eaf9f3 elementor-section-boxed elementor-section-height-default elementor-section-height-default\" data-id=\"59eaf9f3\" data-element_type=\"section\" data-e-type=\"section\" data-settings=\"{&quot;background_background&quot;:&quot;classic&quot;}\">\n\t\t\t\t\t\t<div class=\"elementor-container elementor-column-gap-default\">\n\t\t\t\t\t<div class=\"elementor-column elementor-col-100 elementor-top-column elementor-element elementor-element-3b992d3a\" data-id=\"3b992d3a\" data-element_type=\"column\" data-e-type=\"column\">\n\t\t\t<div class=\"elementor-widget-wrap elementor-element-populated\">\n\t\t\t\t\t\t<div class=\"elementor-element elementor-element-3b8e9d5f elementor-widget elementor-widget-heading\" data-id=\"3b8e9d5f\" data-element_type=\"widget\" data-e-type=\"widget\" data-widget_type=\"heading.default\">\n\t\t\t\t<div class=\"elementor-widget-container\">\n\t\t\t\t\t<h2 class=\"elementor-heading-title elementor-size-default\">Yeni Nesil Internet<\/h2>\t\t\t\t<\/div>\n\t\t\t\t<\/div>\n\t\t\t\t<div class=\"elementor-element elementor-element-5ac4554e elementor-widget-divider--view-line elementor-widget elementor-widget-divider\" data-id=\"5ac4554e\" data-element_type=\"widget\" data-e-type=\"widget\" data-widget_type=\"divider.default\">\n\t\t\t\t<div class=\"elementor-widget-container\">\n\t\t\t\t\t\t\t<div class=\"elementor-divider\">\n\t\t\t<span class=\"elementor-divider-separator\">\n\t\t\t\t\t\t<\/span>\n\t\t<\/div>\n\t\t\t\t\t\t<\/div>\n\t\t\t\t<\/div>\n\t\t\t\t<div class=\"elementor-element elementor-element-80c9dca elementor-widget elementor-widget-heading\" data-id=\"80c9dca\" data-element_type=\"widget\" data-e-type=\"widget\" data-widget_type=\"heading.default\">\n\t\t\t\t<div class=\"elementor-widget-container\">\n\t\t\t\t\t<h2 class=\"elementor-heading-title elementor-size-default\">Yeni Nesil Hizmet<\/h2>\t\t\t\t<\/div>\n\t\t\t\t<\/div>\n\t\t\t\t<div class=\"elementor-element elementor-element-79305861 elementor-widget elementor-widget-spacer\" data-id=\"79305861\" data-element_type=\"widget\" data-e-type=\"widget\" data-widget_type=\"spacer.default\">\n\t\t\t\t<div class=\"elementor-widget-container\">\n\t\t\t\t\t\t\t<div class=\"elementor-spacer\">\n\t\t\t<div class=\"elementor-spacer-inner\"><\/div>\n\t\t<\/div>\n\t\t\t\t\t\t<\/div>\n\t\t\t\t<\/div>\n\t\t\t\t\t<\/div>\n\t\t<\/div>\n\t\t\t\t\t<\/div>\n\t\t<\/section>\n\t\t\t\t<section class=\"elementor-section elementor-top-section elementor-element elementor-element-3b456c44 elementor-section-boxed elementor-section-height-default elementor-section-height-default\" data-id=\"3b456c44\" data-element_type=\"section\" data-e-type=\"section\">\n\t\t\t\t\t\t<div class=\"elementor-container elementor-column-gap-default\">\n\t\t\t\t\t<div class=\"elementor-column elementor-col-100 elementor-top-column elementor-element elementor-element-7878b2b0\" data-id=\"7878b2b0\" data-element_type=\"column\" data-e-type=\"column\">\n\t\t\t<div class=\"elementor-widget-wrap elementor-element-populated\">\n\t\t\t\t\t\t<div class=\"elementor-element elementor-element-eb8c196 elementor-widget elementor-widget-spacer\" data-id=\"eb8c196\" data-element_type=\"widget\" data-e-type=\"widget\" data-widget_type=\"spacer.default\">\n\t\t\t\t<div class=\"elementor-widget-container\">\n\t\t\t\t\t\t\t<div class=\"elementor-spacer\">\n\t\t\t<div class=\"elementor-spacer-inner\"><\/div>\n\t\t<\/div>\n\t\t\t\t\t\t<\/div>\n\t\t\t\t<\/div>\n\t\t\t\t<div class=\"elementor-element elementor-element-4831d90b elementor-widget elementor-widget-text-editor\" data-id=\"4831d90b\" data-element_type=\"widget\" data-e-type=\"widget\" data-widget_type=\"text-editor.default\">\n\t\t\t\t<div class=\"elementor-widget-container\">\n\t\t\t\t\t\t\t\t\t<p>Firmam\u0131z 2004 y\u0131l\u0131nda bilgisayar, bilgisayar donan\u0131mlar\u0131, g\u00fcvenlik sistemleri sat\u0131\u015f\u0131 ve teknik deste\u011fi ile hizmet vermeye ba\u015flam\u0131\u015f olup, alan\u0131nda 10 y\u0131l s\u00fcreyle hizmet vermeye devam etmi\u015ftir.\u00a0Ge\u00e7mi\u015findeki 10 y\u0131ll\u0131k tecr\u00fcbesi ile 2014 y\u0131l\u0131nda \u015firketle\u015ferek NAZNET B\u0130L\u0130\u015e\u0130M TELEKOM\u00dcN\u0130KASYON ELEKTRON\u0130K HABERLE\u015eME H\u0130ZMETLER\u0130 \u0130THALAT \u0130HRACAT SANAY\u0130 VE T\u0130CARET L\u0130M\u0130TED \u015e\u0130RKET\u0130 \u00fcnvan\u0131n\u0131 alm\u0131\u015ft\u0131r.\u00a0<\/p>\t\t\t\t\t\t\t\t<\/div>\n\t\t\t\t<\/div>\n\t\t\t\t<div class=\"elementor-element elementor-element-47bf2a59 elementor-widget elementor-widget-text-editor\" data-id=\"47bf2a59\" data-element_type=\"widget\" data-e-type=\"widget\" data-widget_type=\"text-editor.default\">\n\t\t\t\t<div class=\"elementor-widget-container\">\n\t\t\t\t\t\t\t\t\t<p>2014 y\u0131l\u0131 itibariyle Bilgi Teknolojileri ve \u0130leti\u015fim Kurumundan (BTK) \u0130nternet servis Sa\u011flay\u0131c\u0131 Lisans\u0131n\u0131 (ISS) tescil ettirerek Telekom\u00fcnikasyon Hizmetleri konusunda pazarda yerini alm\u0131\u015ft\u0131r.<\/p>\t\t\t\t\t\t\t\t<\/div>\n\t\t\t\t<\/div>\n\t\t\t\t<div class=\"elementor-element elementor-element-d07624d elementor-widget elementor-widget-text-editor\" data-id=\"d07624d\" data-element_type=\"widget\" data-e-type=\"widget\" data-widget_type=\"text-editor.default\">\n\t\t\t\t<div class=\"elementor-widget-container\">\n\t\t\t\t\t\t\t\t\t<p>\u00d6ncelikle AYDIN\/Nazilli il\u00e7esinde, local olarak Kablosuz \u0130nternet hizmeti olarak faaliyetine ba\u015flam\u0131\u015f olup, her ge\u00e7en g\u00fcn yat\u0131r\u0131mlar\u0131na devam ederek alt yap\u0131s\u0131n\u0131 daha da g\u00fc\u00e7lendirmi\u015f ve hizmet alan\u0131n\u0131 geni\u015fletmi\u015ftir. Hali haz\u0131rda Ayd\u0131n ilinin Nazilli, Efeler, Karacasu, Kuyucak, Bozdo\u011fan, Yenipazar, Sultanhisar, \u0130ncirliova, \u00c7ine, il\u00e7eleri merkez ve mahallelerinde, Denizli ilinin Tavas ve Kale il\u00e7eleri merkez ve mahallelerinde hizmet vermektedir. \u015eirketimiz yat\u0131r\u0131mlar\u0131na devam etmekte olup hizmet a\u011f\u0131n\u0131 geni\u015fletmektedir.<\/p>\t\t\t\t\t\t\t\t<\/div>\n\t\t\t\t<\/div>\n\t\t\t\t<div class=\"elementor-element elementor-element-457849f elementor-widget elementor-widget-text-editor\" data-id=\"457849f\" data-element_type=\"widget\" data-e-type=\"widget\" data-widget_type=\"text-editor.default\">\n\t\t\t\t<div class=\"elementor-widget-container\">\n\t\t\t\t\t\t\t\t\t<p>Hizmet vermekte oldu\u011fu b\u00f6lgelerde en g\u00fc\u00e7l\u00fc, ba\u011f\u0131ms\u0131z, yeni nesil internet operat\u00f6r\u00fc olmay\u0131 hedefleyen NAZNET, bireysel ve kurumsal telekom pazar\u0131nda, en h\u0131zl\u0131 internet eri\u015fimini, y\u00fcksek kalite standartlar\u0131nda, uygun fiyatlarla hizmete sunmaktad\u0131r. NAZNET yapt\u0131\u011f\u0131 yat\u0131r\u0131mlarla, teknik uzmanl\u0131\u011f\u0131 ve ko\u015fulsuz m\u00fc\u015fteri memnuniyetini ilke edinerek telekom hizmetlerinde avantajl\u0131 tarife se\u00e7eneklerini olu\u015fturmaya ve alternatif hizmetler sunmaya devam edecektir.<\/p>\t\t\t\t\t\t\t\t<\/div>\n\t\t\t\t<\/div>\n\t\t\t\t<div class=\"elementor-element elementor-element-1bde954 elementor-widget elementor-widget-text-editor\" data-id=\"1bde954\" data-element_type=\"widget\" data-e-type=\"widget\" data-widget_type=\"text-editor.default\">\n\t\t\t\t<div class=\"elementor-widget-container\">\n\t\t\t\t\t\t\t\t\t<p>BTK taraf\u0131ndan T\u00dcRK\u0130YE genelinde lisansland\u0131r\u0131lm\u0131\u015f firmalar ve faaliyet alanlar\u0131 linkte verilmi\u015ftir.<\/p><p><a href=\"http:\/\/yetkilendirme.btk.gov.tr\/Yetkilendirme\/\" target=\"_blank\" rel=\"noopener\">http:\/\/yetkilendirme.btk.gov.tr\/Yetkilendirme\/<\/a><\/p>\t\t\t\t\t\t\t\t<\/div>\n\t\t\t\t<\/div>\n\t\t\t\t<div class=\"elementor-element elementor-element-5fe7d462 elementor-widget elementor-widget-spacer\" data-id=\"5fe7d462\" data-element_type=\"widget\" data-e-type=\"widget\" data-widget_type=\"spacer.default\">\n\t\t\t\t<div class=\"elementor-widget-container\">\n\t\t\t\t\t\t\t<div class=\"elementor-spacer\">\n\t\t\t<div class=\"elementor-spacer-inner\"><\/div>\n\t\t<\/div>\n\t\t\t\t\t\t<\/div>\n\t\t\t\t<\/div>\n\t\t\t\t\t<\/div>\n\t\t<\/div>\n\t\t\t\t\t<\/div>\n\t\t<\/section>\n\t\t\t\t<section class=\"elementor-section elementor-top-section elementor-element elementor-element-41060f07 elementor-section-boxed elementor-section-height-default elementor-section-height-default\" data-id=\"41060f07\" data-element_type=\"section\" data-e-type=\"section\">\n\t\t\t\t\t\t<div class=\"elementor-container elementor-column-gap-wide\">\n\t\t\t\t\t<div class=\"elementor-column elementor-col-50 elementor-top-column elementor-element elementor-element-5bfb72c9\" data-id=\"5bfb72c9\" data-element_type=\"column\" data-e-type=\"column\">\n\t\t\t<div class=\"elementor-widget-wrap elementor-element-populated\">\n\t\t\t\t\t\t<div class=\"elementor-element elementor-element-ac1091c elementor-widget elementor-widget-video\" data-id=\"ac1091c\" data-element_type=\"widget\" data-e-type=\"widget\" data-settings=\"{&quot;youtube_url&quot;:&quot;https:\\\/\\\/www.youtube.com\\\/watch?v=NVEhNWqIfA4&quot;,&quot;show_image_overlay&quot;:&quot;yes&quot;,&quot;image_overlay&quot;:{&quot;url&quot;:&quot;https:\\\/\\\/www.naznet.com.tr\\\/web\\\/wp-content\\\/uploads\\\/2019\\\/05\\\/anasayfavideopreview.jpg&quot;,&quot;id&quot;:178,&quot;size&quot;:&quot;&quot;},&quot;lazy_load&quot;:&quot;yes&quot;,&quot;video_type&quot;:&quot;youtube&quot;,&quot;controls&quot;:&quot;yes&quot;}\" data-widget_type=\"video.default\">\n\t\t\t\t<div class=\"elementor-widget-container\">\n\t\t\t\t\t\t\t<div class=\"elementor-wrapper elementor-open-inline\">\n\t\t\t<div class=\"elementor-video\"><\/div>\t\t\t\t<div class=\"elementor-custom-embed-image-overlay\" style=\"background-image: url(https:\/\/www.naznet.com.tr\/web\/wp-content\/uploads\/2019\/05\/anasayfavideopreview.jpg);\">\n\t\t\t\t\t\t\t\t\t\t\t\t\t\t\t\t<div class=\"elementor-custom-embed-play\" role=\"button\" aria-label=\"Videoyu Oynat\" tabindex=\"0\">\n\t\t\t\t\t\t\t<i aria-hidden=\"true\" class=\"eicon-play\"><\/i>\t\t\t\t\t\t<\/div>\n\t\t\t\t\t\t\t\t\t<\/div>\n\t\t\t\t\t<\/div>\n\t\t\t\t\t\t<\/div>\n\t\t\t\t<\/div>\n\t\t\t\t\t<\/div>\n\t\t<\/div>\n\t\t\t\t<div class=\"elementor-column elementor-col-50 elementor-top-column elementor-element elementor-element-4117460c\" data-id=\"4117460c\" data-element_type=\"column\" data-e-type=\"column\">\n\t\t\t<div class=\"elementor-widget-wrap elementor-element-populated\">\n\t\t\t\t\t\t<div class=\"elementor-element elementor-element-5aaad5cf elementor-widget elementor-widget-heading\" data-id=\"5aaad5cf\" data-element_type=\"widget\" data-e-type=\"widget\" data-widget_type=\"heading.default\">\n\t\t\t\t<div class=\"elementor-widget-container\">\n\t\t\t\t\t<h2 class=\"elementor-heading-title elementor-size-default\">Nas\u0131l <em>\u00c7al\u0131\u015f\u0131r?<\/em><\/h2>\t\t\t\t<\/div>\n\t\t\t\t<\/div>\n\t\t\t\t<div class=\"elementor-element elementor-element-2281bb1b elementor-widget-divider--view-line elementor-widget elementor-widget-divider\" data-id=\"2281bb1b\" data-element_type=\"widget\" data-e-type=\"widget\" data-widget_type=\"divider.default\">\n\t\t\t\t<div class=\"elementor-widget-container\">\n\t\t\t\t\t\t\t<div class=\"elementor-divider\">\n\t\t\t<span class=\"elementor-divider-separator\">\n\t\t\t\t\t\t<\/span>\n\t\t<\/div>\n\t\t\t\t\t\t<\/div>\n\t\t\t\t<\/div>\n\t\t\t\t<div class=\"elementor-element elementor-element-322676d7 elementor-widget elementor-widget-text-editor\" data-id=\"322676d7\" data-element_type=\"widget\" data-e-type=\"widget\" data-widget_type=\"text-editor.default\">\n\t\t\t\t<div class=\"elementor-widget-container\">\n\t\t\t\t\t\t\t\t\t<p>Ev ve ofis kullan\u0131mlar\u0131nda abonelik i\u00e7in gerekli olan donan\u0131m cihazlar\u0131n\u0131 (Anten) NAZNET size belirlenmi\u015f \u015fartlar kapsam\u0131nda temin etmekte olup, sinyal g\u00fcc\u00fcn\u00fcn y\u00fcksek oldu\u011fu bir noktaya montaj\u0131n\u0131 ger\u00e7ekle\u015ftirecek ve ba\u011flant\u0131 kurman\u0131z\u0131 sa\u011flayacakt\u0131r.<\/p>\t\t\t\t\t\t\t\t<\/div>\n\t\t\t\t<\/div>\n\t\t\t\t\t<\/div>\n\t\t<\/div>\n\t\t\t\t\t<\/div>\n\t\t<\/section>\n\t\t\t\t<\/div>\n\t\t","protected":false},"excerpt":{"rendered":"<p>Yeni Nesil Internet Yeni Nesil Hizmet Firmam\u0131z 2004 y\u0131l\u0131nda bilgisayar, bilgisayar donan\u0131mlar\u0131, g\u00fcvenlik sistemleri sat\u0131\u015f\u0131 ve teknik deste\u011fi ile hizmet vermeye ba\u015flam\u0131\u015f olup, alan\u0131nda 10 y\u0131l s\u00fcreyle hizmet vermeye devam etmi\u015ftir.\u00a0Ge\u00e7mi\u015findeki 10 y\u0131ll\u0131k tecr\u00fcbesi ile 2014 y\u0131l\u0131nda \u015firketle\u015ferek NAZNET B\u0130L\u0130\u015e\u0130M TELEKOM\u00dcN\u0130KASYON ELEKTRON\u0130K HABERLE\u015eME H\u0130ZMETLER\u0130 \u0130THALAT \u0130HRACAT SANAY\u0130 VE T\u0130CARET L\u0130M\u0130TED \u015e\u0130RKET\u0130 \u00fcnvan\u0131n\u0131 alm\u0131\u015ft\u0131r.\u00a0 2014 y\u0131l\u0131 [&hellip;]<\/p>\n","protected":false},"author":1,"featured_media":0,"parent":0,"menu_order":0,"comment_status":"closed","ping_status":"closed","template":"elementor_header_footer","meta":{"_joinchat":[],"footnotes":""},"class_list":["post-10","page","type-page","status-publish","hentry"],"yoast_head":"<!-- This site is optimized with the Yoast SEO plugin v26.9 - https:\/\/yoast.com\/product\/yoast-seo-wordpress\/ -->\n<title>Hakk\u0131m\u0131zda | NAZNET \ud83d\uddf2<\/title>\n<meta name=\"description\" content=\"Hakk\u0131m\u0131zda | NAZNET Ayd\u0131n kablosuz fiber internet tamamen s\u0131n\u0131rs\u0131z, kotas\u0131z ve taahh\u00fcts\u00fcz en uygun fiyatlar hemen ba\u015fvur\" \/>\n<meta name=\"robots\" content=\"index, follow, max-snippet:-1, max-image-preview:large, max-video-preview:-1\" \/>\n<link rel=\"canonical\" href=\"https:\/\/www.naznet.com.tr\/web\/hakkimizda\/\" \/>\n<meta property=\"og:locale\" content=\"tr_TR\" \/>\n<meta property=\"og:type\" content=\"article\" \/>\n<meta property=\"og:title\" content=\"Hakk\u0131m\u0131zda | NAZNET \ud83d\uddf2\" \/>\n<meta property=\"og:description\" content=\"Hakk\u0131m\u0131zda | NAZNET Ayd\u0131n kablosuz fiber internet tamamen s\u0131n\u0131rs\u0131z, kotas\u0131z ve taahh\u00fcts\u00fcz en uygun fiyatlar hemen ba\u015fvur\" \/>\n<meta property=\"og:url\" content=\"https:\/\/www.naznet.com.tr\/web\/hakkimizda\/\" \/>\n<meta property=\"og:site_name\" content=\"NAZNET \ud83d\uddf2\" \/>\n<meta property=\"article:publisher\" content=\"https:\/\/www.facebook.com\/naznetkablosuzinternet\/\" \/>\n<meta property=\"article:modified_time\" content=\"2021-10-23T08:51:35+00:00\" \/>\n<meta property=\"og:image\" content=\"https:\/\/www.naznet.com.tr\/web\/wp-content\/uploads\/2019\/07\/naznet-yeni-logo-yeni-nesil-internet.jpg\" \/>\n\t<meta property=\"og:image:width\" content=\"1200\" \/>\n\t<meta property=\"og:image:height\" content=\"900\" \/>\n\t<meta property=\"og:image:type\" content=\"image\/jpeg\" \/>\n<meta name=\"twitter:card\" content=\"summary_large_image\" \/>\n<meta name=\"twitter:label1\" content=\"Tahmini okuma s\u00fcresi\" \/>\n\t<meta name=\"twitter:data1\" content=\"2 dakika\" \/>\n<script type=\"application\/ld+json\" class=\"yoast-schema-graph\">{\"@context\":\"https:\/\/schema.org\",\"@graph\":[{\"@type\":\"WebPage\",\"@id\":\"https:\/\/www.naznet.com.tr\/web\/hakkimizda\/\",\"url\":\"https:\/\/www.naznet.com.tr\/web\/hakkimizda\/\",\"name\":\"Hakk\u0131m\u0131zda | NAZNET \ud83d\uddf2\",\"isPartOf\":{\"@id\":\"https:\/\/www.naznet.com.tr\/web\/#website\"},\"datePublished\":\"2019-04-02T06:19:01+00:00\",\"dateModified\":\"2021-10-23T08:51:35+00:00\",\"description\":\"Hakk\u0131m\u0131zda | NAZNET Ayd\u0131n kablosuz fiber internet tamamen s\u0131n\u0131rs\u0131z, kotas\u0131z ve taahh\u00fcts\u00fcz en uygun fiyatlar hemen ba\u015fvur\",\"breadcrumb\":{\"@id\":\"https:\/\/www.naznet.com.tr\/web\/hakkimizda\/#breadcrumb\"},\"inLanguage\":\"tr\",\"potentialAction\":[{\"@type\":\"ReadAction\",\"target\":[\"https:\/\/www.naznet.com.tr\/web\/hakkimizda\/\"]}]},{\"@type\":\"BreadcrumbList\",\"@id\":\"https:\/\/www.naznet.com.tr\/web\/hakkimizda\/#breadcrumb\",\"itemListElement\":[{\"@type\":\"ListItem\",\"position\":1,\"name\":\"Ana sayfa\",\"item\":\"https:\/\/www.naznet.com.tr\/web\/\"},{\"@type\":\"ListItem\",\"position\":2,\"name\":\"Hakk\u0131m\u0131zda\"}]},{\"@type\":\"WebSite\",\"@id\":\"https:\/\/www.naznet.com.tr\/web\/#website\",\"url\":\"https:\/\/www.naznet.com.tr\/web\/\",\"name\":\"NAZNET \ud83d\uddf2\",\"description\":\"Yeni Nesil Internet\",\"publisher\":{\"@id\":\"https:\/\/www.naznet.com.tr\/web\/#organization\"},\"potentialAction\":[{\"@type\":\"SearchAction\",\"target\":{\"@type\":\"EntryPoint\",\"urlTemplate\":\"https:\/\/www.naznet.com.tr\/web\/?s={search_term_string}\"},\"query-input\":{\"@type\":\"PropertyValueSpecification\",\"valueRequired\":true,\"valueName\":\"search_term_string\"}}],\"inLanguage\":\"tr\"},{\"@type\":\"Organization\",\"@id\":\"https:\/\/www.naznet.com.tr\/web\/#organization\",\"name\":\"NAZNET Yeni Nesil Internet \ud83d\uddf2\",\"url\":\"https:\/\/www.naznet.com.tr\/web\/\",\"logo\":{\"@type\":\"ImageObject\",\"inLanguage\":\"tr\",\"@id\":\"https:\/\/www.naznet.com.tr\/web\/#\/schema\/logo\/image\/\",\"url\":\"https:\/\/www.naznet.com.tr\/web\/wp-content\/uploads\/2019\/07\/naznet-yeni-logo-yeni-nesil-internet.jpg\",\"contentUrl\":\"https:\/\/www.naznet.com.tr\/web\/wp-content\/uploads\/2019\/07\/naznet-yeni-logo-yeni-nesil-internet.jpg\",\"width\":1200,\"height\":900,\"caption\":\"NAZNET Yeni Nesil Internet \ud83d\uddf2\"},\"image\":{\"@id\":\"https:\/\/www.naznet.com.tr\/web\/#\/schema\/logo\/image\/\"},\"sameAs\":[\"https:\/\/www.facebook.com\/naznetkablosuzinternet\/\",\"http:\/\/instagram.com\/naznetinternet\",\"https:\/\/www.youtube.com\/channel\/UCpmfrRntSn1uJ2vuZEDtWfg\"]}]}<\/script>\n<!-- \/ Yoast SEO plugin. -->","yoast_head_json":{"title":"Hakk\u0131m\u0131zda | NAZNET \ud83d\uddf2","description":"Hakk\u0131m\u0131zda | NAZNET Ayd\u0131n kablosuz fiber internet tamamen s\u0131n\u0131rs\u0131z, kotas\u0131z ve taahh\u00fcts\u00fcz en uygun fiyatlar hemen ba\u015fvur","robots":{"index":"index","follow":"follow","max-snippet":"max-snippet:-1","max-image-preview":"max-image-preview:large","max-video-preview":"max-video-preview:-1"},"canonical":"https:\/\/www.naznet.com.tr\/web\/hakkimizda\/","og_locale":"tr_TR","og_type":"article","og_title":"Hakk\u0131m\u0131zda | NAZNET \ud83d\uddf2","og_description":"Hakk\u0131m\u0131zda | NAZNET Ayd\u0131n kablosuz fiber internet tamamen s\u0131n\u0131rs\u0131z, kotas\u0131z ve taahh\u00fcts\u00fcz en uygun fiyatlar hemen ba\u015fvur","og_url":"https:\/\/www.naznet.com.tr\/web\/hakkimizda\/","og_site_name":"NAZNET \ud83d\uddf2","article_publisher":"https:\/\/www.facebook.com\/naznetkablosuzinternet\/","article_modified_time":"2021-10-23T08:51:35+00:00","og_image":[{"width":1200,"height":900,"url":"https:\/\/www.naznet.com.tr\/web\/wp-content\/uploads\/2019\/07\/naznet-yeni-logo-yeni-nesil-internet.jpg","type":"image\/jpeg"}],"twitter_card":"summary_large_image","twitter_misc":{"Tahmini okuma s\u00fcresi":"2 dakika"},"schema":{"@context":"https:\/\/schema.org","@graph":[{"@type":"WebPage","@id":"https:\/\/www.naznet.com.tr\/web\/hakkimizda\/","url":"https:\/\/www.naznet.com.tr\/web\/hakkimizda\/","name":"Hakk\u0131m\u0131zda | NAZNET \ud83d\uddf2","isPartOf":{"@id":"https:\/\/www.naznet.com.tr\/web\/#website"},"datePublished":"2019-04-02T06:19:01+00:00","dateModified":"2021-10-23T08:51:35+00:00","description":"Hakk\u0131m\u0131zda | NAZNET Ayd\u0131n kablosuz fiber internet tamamen s\u0131n\u0131rs\u0131z, kotas\u0131z ve taahh\u00fcts\u00fcz en uygun fiyatlar hemen ba\u015fvur","breadcrumb":{"@id":"https:\/\/www.naznet.com.tr\/web\/hakkimizda\/#breadcrumb"},"inLanguage":"tr","potentialAction":[{"@type":"ReadAction","target":["https:\/\/www.naznet.com.tr\/web\/hakkimizda\/"]}]},{"@type":"BreadcrumbList","@id":"https:\/\/www.naznet.com.tr\/web\/hakkimizda\/#breadcrumb","itemListElement":[{"@type":"ListItem","position":1,"name":"Ana sayfa","item":"https:\/\/www.naznet.com.tr\/web\/"},{"@type":"ListItem","position":2,"name":"Hakk\u0131m\u0131zda"}]},{"@type":"WebSite","@id":"https:\/\/www.naznet.com.tr\/web\/#website","url":"https:\/\/www.naznet.com.tr\/web\/","name":"NAZNET \ud83d\uddf2","description":"Yeni Nesil Internet","publisher":{"@id":"https:\/\/www.naznet.com.tr\/web\/#organization"},"potentialAction":[{"@type":"SearchAction","target":{"@type":"EntryPoint","urlTemplate":"https:\/\/www.naznet.com.tr\/web\/?s={search_term_string}"},"query-input":{"@type":"PropertyValueSpecification","valueRequired":true,"valueName":"search_term_string"}}],"inLanguage":"tr"},{"@type":"Organization","@id":"https:\/\/www.naznet.com.tr\/web\/#organization","name":"NAZNET Yeni Nesil Internet \ud83d\uddf2","url":"https:\/\/www.naznet.com.tr\/web\/","logo":{"@type":"ImageObject","inLanguage":"tr","@id":"https:\/\/www.naznet.com.tr\/web\/#\/schema\/logo\/image\/","url":"https:\/\/www.naznet.com.tr\/web\/wp-content\/uploads\/2019\/07\/naznet-yeni-logo-yeni-nesil-internet.jpg","contentUrl":"https:\/\/www.naznet.com.tr\/web\/wp-content\/uploads\/2019\/07\/naznet-yeni-logo-yeni-nesil-internet.jpg","width":1200,"height":900,"caption":"NAZNET Yeni Nesil Internet \ud83d\uddf2"},"image":{"@id":"https:\/\/www.naznet.com.tr\/web\/#\/schema\/logo\/image\/"},"sameAs":["https:\/\/www.facebook.com\/naznetkablosuzinternet\/","http:\/\/instagram.com\/naznetinternet","https:\/\/www.youtube.com\/channel\/UCpmfrRntSn1uJ2vuZEDtWfg"]}]}},"_links":{"self":[{"href":"https:\/\/www.naznet.com.tr\/web\/wp-json\/wp\/v2\/pages\/10","targetHints":{"allow":["GET"]}}],"collection":[{"href":"https:\/\/www.naznet.com.tr\/web\/wp-json\/wp\/v2\/pages"}],"about":[{"href":"https:\/\/www.naznet.com.tr\/web\/wp-json\/wp\/v2\/types\/page"}],"author":[{"embeddable":true,"href":"https:\/\/www.naznet.com.tr\/web\/wp-json\/wp\/v2\/users\/1"}],"replies":[{"embeddable":true,"href":"https:\/\/www.naznet.com.tr\/web\/wp-json\/wp\/v2\/comments?post=10"}],"version-history":[{"count":0,"href":"https:\/\/www.naznet.com.tr\/web\/wp-json\/wp\/v2\/pages\/10\/revisions"}],"wp:attachment":[{"href":"https:\/\/www.naznet.com.tr\/web\/wp-json\/wp\/v2\/media?parent=10"}],"curies":[{"name":"wp","href":"https:\/\/api.w.org\/{rel}","templated":true}]}}