{"id":212,"date":"2019-06-13T11:14:10","date_gmt":"2019-06-13T08:14:10","guid":{"rendered":"http:\/\/www.naznet.com.tr\/web\/?page_id=212"},"modified":"2025-03-13T16:29:36","modified_gmt":"2025-03-13T13:29:36","slug":"bayiler","status":"publish","type":"page","link":"https:\/\/www.naznet.com.tr\/web\/bayiler\/","title":{"rendered":"Bayiler"},"content":{"rendered":"\t\t<div data-elementor-type=\"wp-post\" data-elementor-id=\"212\" class=\"elementor elementor-212\">\n\t\t\t\t\t\t<section class=\"elementor-section elementor-top-section elementor-element elementor-element-49a0612 elementor-section-stretched elementor-section-boxed elementor-section-height-default elementor-section-height-default\" data-id=\"49a0612\" data-element_type=\"section\" data-e-type=\"section\" data-settings=\"{&quot;stretch_section&quot;:&quot;section-stretched&quot;,&quot;background_background&quot;:&quot;classic&quot;}\">\n\t\t\t\t\t\t<div class=\"elementor-container elementor-column-gap-default\">\n\t\t\t\t\t<div class=\"elementor-column elementor-col-50 elementor-top-column elementor-element elementor-element-239b20d\" data-id=\"239b20d\" data-element_type=\"column\" data-e-type=\"column\">\n\t\t\t<div class=\"elementor-widget-wrap elementor-element-populated\">\n\t\t\t\t\t\t<div class=\"elementor-element elementor-element-09a02ac elementor-widget elementor-widget-heading\" data-id=\"09a02ac\" data-element_type=\"widget\" data-e-type=\"widget\" data-widget_type=\"heading.default\">\n\t\t\t\t<div class=\"elementor-widget-container\">\n\t\t\t\t\t<h2 class=\"elementor-heading-title elementor-size-default\">Ayd\u0131n<\/h2>\t\t\t\t<\/div>\n\t\t\t\t<\/div>\n\t\t\t\t\t<\/div>\n\t\t<\/div>\n\t\t\t\t<div class=\"elementor-column elementor-col-50 elementor-top-column elementor-element elementor-element-3d9ffe7\" data-id=\"3d9ffe7\" data-element_type=\"column\" data-e-type=\"column\">\n\t\t\t<div class=\"elementor-widget-wrap\">\n\t\t\t\t\t\t\t<\/div>\n\t\t<\/div>\n\t\t\t\t\t<\/div>\n\t\t<\/section>\n\t\t\t\t<section class=\"elementor-section elementor-top-section elementor-element elementor-element-c5e3b2f elementor-section-stretched elementor-section-boxed elementor-section-height-default elementor-section-height-default\" data-id=\"c5e3b2f\" data-element_type=\"section\" data-e-type=\"section\" data-settings=\"{&quot;stretch_section&quot;:&quot;section-stretched&quot;}\">\n\t\t\t\t\t\t<div class=\"elementor-container elementor-column-gap-default\">\n\t\t\t\t\t<div class=\"elementor-column elementor-col-100 elementor-top-column elementor-element elementor-element-fc8acdd\" data-id=\"fc8acdd\" data-element_type=\"column\" data-e-type=\"column\">\n\t\t\t<div class=\"elementor-widget-wrap elementor-element-populated\">\n\t\t\t\t\t\t<div class=\"elementor-element elementor-element-6356d2b elementor-widget elementor-widget-heading\" data-id=\"6356d2b\" data-element_type=\"widget\" data-e-type=\"widget\" data-widget_type=\"heading.default\">\n\t\t\t\t<div class=\"elementor-widget-container\">\n\t\t\t\t\t<h4 class=\"elementor-heading-title elementor-size-default\">AKB\u0130L TEKN. B\u0130L\u0130\u015e\u0130M TELEKOM. H\u0130Z.<\/h4>\t\t\t\t<\/div>\n\t\t\t\t<\/div>\n\t\t\t\t<div class=\"elementor-element elementor-element-5bd2a9f elementor-widget elementor-widget-heading\" data-id=\"5bd2a9f\" data-element_type=\"widget\" data-e-type=\"widget\" data-widget_type=\"heading.default\">\n\t\t\t\t<div class=\"elementor-widget-container\">\n\t\t\t\t\t<h4 class=\"elementor-heading-title elementor-size-default\">\u0130TH. \u0130HR. SAN. VE T\u0130C. LTD. \u015eT\u0130.<\/h4>\t\t\t\t<\/div>\n\t\t\t\t<\/div>\n\t\t\t\t<div class=\"elementor-element elementor-element-691c896 elementor-widget elementor-widget-heading\" data-id=\"691c896\" data-element_type=\"widget\" data-e-type=\"widget\" data-widget_type=\"heading.default\">\n\t\t\t\t<div class=\"elementor-widget-container\">\n\t\t\t\t\t<h5 class=\"elementor-heading-title elementor-size-default\">NAZNET \u00c7ine Acentesi<\/h5>\t\t\t\t<\/div>\n\t\t\t\t<\/div>\n\t\t\t\t\t<\/div>\n\t\t<\/div>\n\t\t\t\t<div class=\"elementor-column elementor-col-100 elementor-top-column elementor-element elementor-element-8369a58\" data-id=\"8369a58\" data-element_type=\"column\" data-e-type=\"column\">\n\t\t\t<div class=\"elementor-widget-wrap elementor-element-populated\">\n\t\t\t\t\t\t<div class=\"elementor-element elementor-element-998888e elementor-widget elementor-widget-text-editor\" data-id=\"998888e\" data-element_type=\"widget\" data-e-type=\"widget\" data-widget_type=\"text-editor.default\">\n\t\t\t\t<div class=\"elementor-widget-container\">\n\t\t\t\t\t\t\t\t\t<p>Hamitabat Mh. 232 Sk. No:17A \u00c7ine\/Ayd\u0131n<\/p><p><b>Telefon:<\/b> (0.850) 885 16 29<\/p><p><b>e-posta:<\/b>\u00a0cinebayi@naznet.com.tr<\/p>\t\t\t\t\t\t\t\t<\/div>\n\t\t\t\t<\/div>\n\t\t\t\t\t<\/div>\n\t\t<\/div>\n\t\t\t\t\t<\/div>\n\t\t<\/section>\n\t\t\t\t<section class=\"elementor-section elementor-top-section elementor-element elementor-element-db3e942 elementor-section-stretched elementor-section-boxed elementor-section-height-default elementor-section-height-default\" data-id=\"db3e942\" data-element_type=\"section\" data-e-type=\"section\" data-settings=\"{&quot;stretch_section&quot;:&quot;section-stretched&quot;}\">\n\t\t\t\t\t\t<div class=\"elementor-container elementor-column-gap-default\">\n\t\t\t\t\t<div class=\"elementor-column elementor-col-100 elementor-top-column elementor-element elementor-element-e193933\" data-id=\"e193933\" data-element_type=\"column\" data-e-type=\"column\">\n\t\t\t<div class=\"elementor-widget-wrap elementor-element-populated\">\n\t\t\t\t\t\t<div class=\"elementor-element elementor-element-c95df4f elementor-widget elementor-widget-heading\" data-id=\"c95df4f\" data-element_type=\"widget\" data-e-type=\"widget\" data-widget_type=\"heading.default\">\n\t\t\t\t<div class=\"elementor-widget-container\">\n\t\t\t\t\t<h4 class=\"elementor-heading-title elementor-size-default\">Murat APAK<\/h4>\t\t\t\t<\/div>\n\t\t\t\t<\/div>\n\t\t\t\t<div class=\"elementor-element elementor-element-5a59f05 elementor-widget elementor-widget-heading\" data-id=\"5a59f05\" data-element_type=\"widget\" data-e-type=\"widget\" data-widget_type=\"heading.default\">\n\t\t\t\t<div class=\"elementor-widget-container\">\n\t\t\t\t\t<h5 class=\"elementor-heading-title elementor-size-default\">NAZNET Karacasu Acentesi<\/h5>\t\t\t\t<\/div>\n\t\t\t\t<\/div>\n\t\t\t\t\t<\/div>\n\t\t<\/div>\n\t\t\t\t<div class=\"elementor-column elementor-col-100 elementor-top-column elementor-element elementor-element-1989791\" data-id=\"1989791\" data-element_type=\"column\" data-e-type=\"column\">\n\t\t\t<div class=\"elementor-widget-wrap elementor-element-populated\">\n\t\t\t\t\t\t<div class=\"elementor-element elementor-element-d47a977 elementor-widget elementor-widget-text-editor\" data-id=\"d47a977\" data-element_type=\"widget\" data-e-type=\"widget\" data-widget_type=\"text-editor.default\">\n\t\t\t\t<div class=\"elementor-widget-container\">\n\t\t\t\t\t\t\t\t\t<p>Yaylal\u0131 Mh. M.Kemal Pa\u015fa Cd. No:32 Karacasu\/Ayd\u0131n<\/p><p><strong>Telefon:<\/strong> (0.850) 885 16 29<\/p><p><strong>e-posta:<\/strong> karacasubayi@naznet.com.tr<\/p>\t\t\t\t\t\t\t\t<\/div>\n\t\t\t\t<\/div>\n\t\t\t\t\t<\/div>\n\t\t<\/div>\n\t\t\t\t\t<\/div>\n\t\t<\/section>\n\t\t\t\t<\/div>\n\t\t","protected":false},"excerpt":{"rendered":"<p>Ayd\u0131n AKB\u0130L TEKN. B\u0130L\u0130\u015e\u0130M TELEKOM. H\u0130Z. \u0130TH. \u0130HR. SAN. VE T\u0130C. LTD. \u015eT\u0130. NAZNET \u00c7ine Acentesi Hamitabat Mh. 232 Sk. No:17A \u00c7ine\/Ayd\u0131n Telefon: (0.850) 885 16 29 e-posta:\u00a0cinebayi@naznet.com.tr Murat APAK NAZNET Karacasu Acentesi Yaylal\u0131 Mh. M.Kemal Pa\u015fa Cd. No:32 Karacasu\/Ayd\u0131n Telefon: (0.850) 885 16 29 e-posta: karacasubayi@naznet.com.tr<\/p>\n","protected":false},"author":1,"featured_media":0,"parent":0,"menu_order":0,"comment_status":"closed","ping_status":"closed","template":"elementor_header_footer","meta":{"_joinchat":[],"footnotes":""},"class_list":["post-212","page","type-page","status-publish","hentry"],"yoast_head":"<!-- This site is optimized with the Yoast SEO plugin v26.9 - https:\/\/yoast.com\/product\/yoast-seo-wordpress\/ -->\n<title>Bayiler | NAZNET \ud83d\uddf2<\/title>\n<meta name=\"description\" content=\"Bayiler | NAZNET Ayd\u0131n kablosuz fiber internet tamamen s\u0131n\u0131rs\u0131z, kotas\u0131z ve taahh\u00fcts\u00fcz en uygun fiyatlar hemen ba\u015fvur\" \/>\n<meta name=\"robots\" content=\"index, follow, max-snippet:-1, max-image-preview:large, max-video-preview:-1\" \/>\n<link rel=\"canonical\" href=\"https:\/\/www.naznet.com.tr\/web\/bayiler\/\" \/>\n<meta property=\"og:locale\" content=\"tr_TR\" \/>\n<meta property=\"og:type\" content=\"article\" \/>\n<meta property=\"og:title\" content=\"Bayiler | NAZNET \ud83d\uddf2\" \/>\n<meta property=\"og:description\" content=\"Bayiler | NAZNET Ayd\u0131n kablosuz fiber internet tamamen s\u0131n\u0131rs\u0131z, kotas\u0131z ve taahh\u00fcts\u00fcz en uygun fiyatlar hemen ba\u015fvur\" \/>\n<meta property=\"og:url\" content=\"https:\/\/www.naznet.com.tr\/web\/bayiler\/\" \/>\n<meta property=\"og:site_name\" content=\"NAZNET \ud83d\uddf2\" \/>\n<meta property=\"article:publisher\" content=\"https:\/\/www.facebook.com\/naznetkablosuzinternet\/\" \/>\n<meta property=\"article:modified_time\" content=\"2025-03-13T13:29:36+00:00\" \/>\n<meta property=\"og:image\" content=\"https:\/\/www.naznet.com.tr\/web\/wp-content\/uploads\/2019\/07\/naznet-yeni-logo-yeni-nesil-internet.jpg\" \/>\n\t<meta property=\"og:image:width\" content=\"1200\" \/>\n\t<meta property=\"og:image:height\" content=\"900\" \/>\n\t<meta property=\"og:image:type\" content=\"image\/jpeg\" \/>\n<meta name=\"twitter:card\" content=\"summary_large_image\" \/>\n<meta name=\"twitter:label1\" content=\"Tahmini okuma s\u00fcresi\" \/>\n\t<meta name=\"twitter:data1\" content=\"1 dakika\" \/>\n<script type=\"application\/ld+json\" class=\"yoast-schema-graph\">{\"@context\":\"https:\/\/schema.org\",\"@graph\":[{\"@type\":\"WebPage\",\"@id\":\"https:\/\/www.naznet.com.tr\/web\/bayiler\/\",\"url\":\"https:\/\/www.naznet.com.tr\/web\/bayiler\/\",\"name\":\"Bayiler | NAZNET \ud83d\uddf2\",\"isPartOf\":{\"@id\":\"https:\/\/www.naznet.com.tr\/web\/#website\"},\"datePublished\":\"2019-06-13T08:14:10+00:00\",\"dateModified\":\"2025-03-13T13:29:36+00:00\",\"description\":\"Bayiler | NAZNET Ayd\u0131n kablosuz fiber internet tamamen s\u0131n\u0131rs\u0131z, kotas\u0131z ve taahh\u00fcts\u00fcz en uygun fiyatlar hemen ba\u015fvur\",\"breadcrumb\":{\"@id\":\"https:\/\/www.naznet.com.tr\/web\/bayiler\/#breadcrumb\"},\"inLanguage\":\"tr\",\"potentialAction\":[{\"@type\":\"ReadAction\",\"target\":[\"https:\/\/www.naznet.com.tr\/web\/bayiler\/\"]}]},{\"@type\":\"BreadcrumbList\",\"@id\":\"https:\/\/www.naznet.com.tr\/web\/bayiler\/#breadcrumb\",\"itemListElement\":[{\"@type\":\"ListItem\",\"position\":1,\"name\":\"Ana sayfa\",\"item\":\"https:\/\/www.naznet.com.tr\/web\/\"},{\"@type\":\"ListItem\",\"position\":2,\"name\":\"Bayiler\"}]},{\"@type\":\"WebSite\",\"@id\":\"https:\/\/www.naznet.com.tr\/web\/#website\",\"url\":\"https:\/\/www.naznet.com.tr\/web\/\",\"name\":\"NAZNET \ud83d\uddf2\",\"description\":\"Yeni Nesil Internet\",\"publisher\":{\"@id\":\"https:\/\/www.naznet.com.tr\/web\/#organization\"},\"potentialAction\":[{\"@type\":\"SearchAction\",\"target\":{\"@type\":\"EntryPoint\",\"urlTemplate\":\"https:\/\/www.naznet.com.tr\/web\/?s={search_term_string}\"},\"query-input\":{\"@type\":\"PropertyValueSpecification\",\"valueRequired\":true,\"valueName\":\"search_term_string\"}}],\"inLanguage\":\"tr\"},{\"@type\":\"Organization\",\"@id\":\"https:\/\/www.naznet.com.tr\/web\/#organization\",\"name\":\"NAZNET Yeni Nesil Internet \ud83d\uddf2\",\"url\":\"https:\/\/www.naznet.com.tr\/web\/\",\"logo\":{\"@type\":\"ImageObject\",\"inLanguage\":\"tr\",\"@id\":\"https:\/\/www.naznet.com.tr\/web\/#\/schema\/logo\/image\/\",\"url\":\"https:\/\/www.naznet.com.tr\/web\/wp-content\/uploads\/2019\/07\/naznet-yeni-logo-yeni-nesil-internet.jpg\",\"contentUrl\":\"https:\/\/www.naznet.com.tr\/web\/wp-content\/uploads\/2019\/07\/naznet-yeni-logo-yeni-nesil-internet.jpg\",\"width\":1200,\"height\":900,\"caption\":\"NAZNET Yeni Nesil Internet \ud83d\uddf2\"},\"image\":{\"@id\":\"https:\/\/www.naznet.com.tr\/web\/#\/schema\/logo\/image\/\"},\"sameAs\":[\"https:\/\/www.facebook.com\/naznetkablosuzinternet\/\",\"http:\/\/instagram.com\/naznetinternet\",\"https:\/\/www.youtube.com\/channel\/UCpmfrRntSn1uJ2vuZEDtWfg\"]}]}<\/script>\n<!-- \/ Yoast SEO plugin. -->","yoast_head_json":{"title":"Bayiler | NAZNET \ud83d\uddf2","description":"Bayiler | NAZNET Ayd\u0131n kablosuz fiber internet tamamen s\u0131n\u0131rs\u0131z, kotas\u0131z ve taahh\u00fcts\u00fcz en uygun fiyatlar hemen ba\u015fvur","robots":{"index":"index","follow":"follow","max-snippet":"max-snippet:-1","max-image-preview":"max-image-preview:large","max-video-preview":"max-video-preview:-1"},"canonical":"https:\/\/www.naznet.com.tr\/web\/bayiler\/","og_locale":"tr_TR","og_type":"article","og_title":"Bayiler | NAZNET \ud83d\uddf2","og_description":"Bayiler | NAZNET Ayd\u0131n kablosuz fiber internet tamamen s\u0131n\u0131rs\u0131z, kotas\u0131z ve taahh\u00fcts\u00fcz en uygun fiyatlar hemen ba\u015fvur","og_url":"https:\/\/www.naznet.com.tr\/web\/bayiler\/","og_site_name":"NAZNET \ud83d\uddf2","article_publisher":"https:\/\/www.facebook.com\/naznetkablosuzinternet\/","article_modified_time":"2025-03-13T13:29:36+00:00","og_image":[{"width":1200,"height":900,"url":"https:\/\/www.naznet.com.tr\/web\/wp-content\/uploads\/2019\/07\/naznet-yeni-logo-yeni-nesil-internet.jpg","type":"image\/jpeg"}],"twitter_card":"summary_large_image","twitter_misc":{"Tahmini okuma s\u00fcresi":"1 dakika"},"schema":{"@context":"https:\/\/schema.org","@graph":[{"@type":"WebPage","@id":"https:\/\/www.naznet.com.tr\/web\/bayiler\/","url":"https:\/\/www.naznet.com.tr\/web\/bayiler\/","name":"Bayiler | NAZNET \ud83d\uddf2","isPartOf":{"@id":"https:\/\/www.naznet.com.tr\/web\/#website"},"datePublished":"2019-06-13T08:14:10+00:00","dateModified":"2025-03-13T13:29:36+00:00","description":"Bayiler | NAZNET Ayd\u0131n kablosuz fiber internet tamamen s\u0131n\u0131rs\u0131z, kotas\u0131z ve taahh\u00fcts\u00fcz en uygun fiyatlar hemen ba\u015fvur","breadcrumb":{"@id":"https:\/\/www.naznet.com.tr\/web\/bayiler\/#breadcrumb"},"inLanguage":"tr","potentialAction":[{"@type":"ReadAction","target":["https:\/\/www.naznet.com.tr\/web\/bayiler\/"]}]},{"@type":"BreadcrumbList","@id":"https:\/\/www.naznet.com.tr\/web\/bayiler\/#breadcrumb","itemListElement":[{"@type":"ListItem","position":1,"name":"Ana sayfa","item":"https:\/\/www.naznet.com.tr\/web\/"},{"@type":"ListItem","position":2,"name":"Bayiler"}]},{"@type":"WebSite","@id":"https:\/\/www.naznet.com.tr\/web\/#website","url":"https:\/\/www.naznet.com.tr\/web\/","name":"NAZNET \ud83d\uddf2","description":"Yeni Nesil Internet","publisher":{"@id":"https:\/\/www.naznet.com.tr\/web\/#organization"},"potentialAction":[{"@type":"SearchAction","target":{"@type":"EntryPoint","urlTemplate":"https:\/\/www.naznet.com.tr\/web\/?s={search_term_string}"},"query-input":{"@type":"PropertyValueSpecification","valueRequired":true,"valueName":"search_term_string"}}],"inLanguage":"tr"},{"@type":"Organization","@id":"https:\/\/www.naznet.com.tr\/web\/#organization","name":"NAZNET Yeni Nesil Internet \ud83d\uddf2","url":"https:\/\/www.naznet.com.tr\/web\/","logo":{"@type":"ImageObject","inLanguage":"tr","@id":"https:\/\/www.naznet.com.tr\/web\/#\/schema\/logo\/image\/","url":"https:\/\/www.naznet.com.tr\/web\/wp-content\/uploads\/2019\/07\/naznet-yeni-logo-yeni-nesil-internet.jpg","contentUrl":"https:\/\/www.naznet.com.tr\/web\/wp-content\/uploads\/2019\/07\/naznet-yeni-logo-yeni-nesil-internet.jpg","width":1200,"height":900,"caption":"NAZNET Yeni Nesil Internet \ud83d\uddf2"},"image":{"@id":"https:\/\/www.naznet.com.tr\/web\/#\/schema\/logo\/image\/"},"sameAs":["https:\/\/www.facebook.com\/naznetkablosuzinternet\/","http:\/\/instagram.com\/naznetinternet","https:\/\/www.youtube.com\/channel\/UCpmfrRntSn1uJ2vuZEDtWfg"]}]}},"_links":{"self":[{"href":"https:\/\/www.naznet.com.tr\/web\/wp-json\/wp\/v2\/pages\/212","targetHints":{"allow":["GET"]}}],"collection":[{"href":"https:\/\/www.naznet.com.tr\/web\/wp-json\/wp\/v2\/pages"}],"about":[{"href":"https:\/\/www.naznet.com.tr\/web\/wp-json\/wp\/v2\/types\/page"}],"author":[{"embeddable":true,"href":"https:\/\/www.naznet.com.tr\/web\/wp-json\/wp\/v2\/users\/1"}],"replies":[{"embeddable":true,"href":"https:\/\/www.naznet.com.tr\/web\/wp-json\/wp\/v2\/comments?post=212"}],"version-history":[{"count":0,"href":"https:\/\/www.naznet.com.tr\/web\/wp-json\/wp\/v2\/pages\/212\/revisions"}],"wp:attachment":[{"href":"https:\/\/www.naznet.com.tr\/web\/wp-json\/wp\/v2\/media?parent=212"}],"curies":[{"name":"wp","href":"https:\/\/api.w.org\/{rel}","templated":true}]}}