{"id":517,"date":"2019-06-27T13:46:45","date_gmt":"2019-06-27T10:46:45","guid":{"rendered":"https:\/\/www.naznet.com.tr\/web\/?page_id=517"},"modified":"2020-02-24T16:35:42","modified_gmt":"2020-02-24T13:35:42","slug":"naznet-markamiz","status":"publish","type":"page","link":"https:\/\/www.naznet.com.tr\/web\/naznet-markamiz\/","title":{"rendered":"NAZNET Markam\u0131z"},"content":{"rendered":"\t\t<div data-elementor-type=\"wp-post\" data-elementor-id=\"517\" class=\"elementor elementor-517\">\n\t\t\t\t\t\t<section class=\"elementor-section elementor-top-section elementor-element elementor-element-528e9d33 elementor-section-boxed elementor-section-height-default elementor-section-height-default\" data-id=\"528e9d33\" data-element_type=\"section\" data-e-type=\"section\">\n\t\t\t\t\t\t<div class=\"elementor-container elementor-column-gap-default\">\n\t\t\t\t\t<div class=\"elementor-column elementor-col-50 elementor-top-column elementor-element elementor-element-642df40\" data-id=\"642df40\" data-element_type=\"column\" data-e-type=\"column\">\n\t\t\t<div class=\"elementor-widget-wrap elementor-element-populated\">\n\t\t\t\t\t\t<div class=\"elementor-element elementor-element-48e0e33c elementor-widget elementor-widget-text-editor\" data-id=\"48e0e33c\" data-element_type=\"widget\" data-e-type=\"widget\" data-widget_type=\"text-editor.default\">\n\t\t\t\t<div class=\"elementor-widget-container\">\n\t\t\t\t\t\t\t\t\t<p><img fetchpriority=\"high\" decoding=\"async\" class=\"aligncenter wp-image-518 size-medium\" src=\"https:\/\/www.naznet.com.tr\/web\/wp-content\/uploads\/2019\/06\/naznet_marka_web-195x300.jpg\" alt=\"\" width=\"195\" height=\"300\" srcset=\"https:\/\/www.naznet.com.tr\/web\/wp-content\/uploads\/2019\/06\/naznet_marka_web-195x300.jpg 195w, https:\/\/www.naznet.com.tr\/web\/wp-content\/uploads\/2019\/06\/naznet_marka_web-600x923.jpg 600w, https:\/\/www.naznet.com.tr\/web\/wp-content\/uploads\/2019\/06\/naznet_marka_web.jpg 650w\" sizes=\"(max-width: 195px) 100vw, 195px\" \/><\/p><p>&#8220;NAZNET&#8221; bir NAZNET Bili\u015fim ve Telekom\u00fcnikasyon Elektronik Haberle\u015fme Hiz. \u0130th. \u0130hr. San. ve Tic. Ltd. \u015eti. markas\u0131d\u0131r.<\/p>\t\t\t\t\t\t\t\t<\/div>\n\t\t\t\t<\/div>\n\t\t\t\t\t<\/div>\n\t\t<\/div>\n\t\t\t\t<div class=\"elementor-column elementor-col-50 elementor-top-column elementor-element elementor-element-7506e67\" data-id=\"7506e67\" data-element_type=\"column\" data-e-type=\"column\">\n\t\t\t<div class=\"elementor-widget-wrap elementor-element-populated\">\n\t\t\t\t\t\t<div class=\"elementor-element elementor-element-f74b52d elementor-widget elementor-widget-text-editor\" data-id=\"f74b52d\" data-element_type=\"widget\" data-e-type=\"widget\" data-widget_type=\"text-editor.default\">\n\t\t\t\t<div class=\"elementor-widget-container\">\n\t\t\t\t\t\t\t\t\t<p><img decoding=\"async\" class=\"aligncenter wp-image-919 size-medium\" src=\"https:\/\/www.naznet.com.tr\/web\/wp-content\/uploads\/2020\/02\/bizeheryerfiber-marka-web-195x300.jpg\" alt=\"Bize Her Yer Fiber Marka naznet.com.tr\" width=\"195\" height=\"300\" srcset=\"https:\/\/www.naznet.com.tr\/web\/wp-content\/uploads\/2020\/02\/bizeheryerfiber-marka-web-195x300.jpg 195w, https:\/\/www.naznet.com.tr\/web\/wp-content\/uploads\/2020\/02\/bizeheryerfiber-marka-web-600x923.jpg 600w, https:\/\/www.naznet.com.tr\/web\/wp-content\/uploads\/2020\/02\/bizeheryerfiber-marka-web.jpg 650w\" sizes=\"(max-width: 195px) 100vw, 195px\" \/><\/p><p>&#8220;Bize Her Yer Fiber&#8221; bir NAZNET Bili\u015fim ve Telekom\u00fcnikasyon Elektronik Haberle\u015fme Hiz. \u0130th. \u0130hr. San. ve Tic. Ltd. \u015eti. markas\u0131d\u0131r.<\/p>\t\t\t\t\t\t\t\t<\/div>\n\t\t\t\t<\/div>\n\t\t\t\t\t<\/div>\n\t\t<\/div>\n\t\t\t\t\t<\/div>\n\t\t<\/section>\n\t\t\t\t<\/div>\n\t\t","protected":false},"excerpt":{"rendered":"<p>&#8220;NAZNET&#8221; bir NAZNET Bili\u015fim ve Telekom\u00fcnikasyon Elektronik Haberle\u015fme Hiz. \u0130th. \u0130hr. San. ve Tic. Ltd. \u015eti. markas\u0131d\u0131r. &#8220;Bize Her Yer Fiber&#8221; bir NAZNET Bili\u015fim ve Telekom\u00fcnikasyon Elektronik Haberle\u015fme Hiz. \u0130th. \u0130hr. San. ve Tic. Ltd. \u015eti. markas\u0131d\u0131r.<\/p>\n","protected":false},"author":1,"featured_media":0,"parent":0,"menu_order":0,"comment_status":"closed","ping_status":"closed","template":"elementor_header_footer","meta":{"_joinchat":[],"footnotes":""},"class_list":["post-517","page","type-page","status-publish","hentry"],"yoast_head":"<!-- This site is optimized with the Yoast SEO plugin v26.9 - https:\/\/yoast.com\/product\/yoast-seo-wordpress\/ -->\n<title>NAZNET Markam\u0131z | NAZNET \ud83d\uddf2<\/title>\n<meta name=\"description\" content=\"NAZNET Markam\u0131z | NAZNET Ayd\u0131n kablosuz fiber internet tamamen s\u0131n\u0131rs\u0131z, kotas\u0131z ve taahh\u00fcts\u00fcz en uygun fiyatlar hemen ba\u015fvur\" \/>\n<meta name=\"robots\" content=\"index, follow, max-snippet:-1, max-image-preview:large, max-video-preview:-1\" \/>\n<link rel=\"canonical\" href=\"https:\/\/www.naznet.com.tr\/web\/naznet-markamiz\/\" \/>\n<meta property=\"og:locale\" content=\"tr_TR\" \/>\n<meta property=\"og:type\" content=\"article\" \/>\n<meta property=\"og:title\" content=\"NAZNET Markam\u0131z | NAZNET \ud83d\uddf2\" \/>\n<meta property=\"og:description\" content=\"NAZNET Markam\u0131z | NAZNET Ayd\u0131n kablosuz fiber internet tamamen s\u0131n\u0131rs\u0131z, kotas\u0131z ve taahh\u00fcts\u00fcz en uygun fiyatlar hemen ba\u015fvur\" \/>\n<meta property=\"og:url\" content=\"https:\/\/www.naznet.com.tr\/web\/naznet-markamiz\/\" \/>\n<meta property=\"og:site_name\" content=\"NAZNET \ud83d\uddf2\" \/>\n<meta property=\"article:publisher\" content=\"https:\/\/www.facebook.com\/naznetkablosuzinternet\/\" \/>\n<meta property=\"article:modified_time\" content=\"2020-02-24T13:35:42+00:00\" \/>\n<meta property=\"og:image\" content=\"https:\/\/www.naznet.com.tr\/web\/wp-content\/uploads\/2019\/06\/naznet_marka_web-195x300.jpg\" \/>\n<meta name=\"twitter:card\" content=\"summary_large_image\" \/>\n<script type=\"application\/ld+json\" class=\"yoast-schema-graph\">{\"@context\":\"https:\/\/schema.org\",\"@graph\":[{\"@type\":\"WebPage\",\"@id\":\"https:\/\/www.naznet.com.tr\/web\/naznet-markamiz\/\",\"url\":\"https:\/\/www.naznet.com.tr\/web\/naznet-markamiz\/\",\"name\":\"NAZNET Markam\u0131z | NAZNET \ud83d\uddf2\",\"isPartOf\":{\"@id\":\"https:\/\/www.naznet.com.tr\/web\/#website\"},\"primaryImageOfPage\":{\"@id\":\"https:\/\/www.naznet.com.tr\/web\/naznet-markamiz\/#primaryimage\"},\"image\":{\"@id\":\"https:\/\/www.naznet.com.tr\/web\/naznet-markamiz\/#primaryimage\"},\"thumbnailUrl\":\"https:\/\/www.naznet.com.tr\/web\/wp-content\/uploads\/2019\/06\/naznet_marka_web-195x300.jpg\",\"datePublished\":\"2019-06-27T10:46:45+00:00\",\"dateModified\":\"2020-02-24T13:35:42+00:00\",\"description\":\"NAZNET Markam\u0131z | NAZNET Ayd\u0131n kablosuz fiber internet tamamen s\u0131n\u0131rs\u0131z, kotas\u0131z ve taahh\u00fcts\u00fcz en uygun fiyatlar hemen ba\u015fvur\",\"breadcrumb\":{\"@id\":\"https:\/\/www.naznet.com.tr\/web\/naznet-markamiz\/#breadcrumb\"},\"inLanguage\":\"tr\",\"potentialAction\":[{\"@type\":\"ReadAction\",\"target\":[\"https:\/\/www.naznet.com.tr\/web\/naznet-markamiz\/\"]}]},{\"@type\":\"ImageObject\",\"inLanguage\":\"tr\",\"@id\":\"https:\/\/www.naznet.com.tr\/web\/naznet-markamiz\/#primaryimage\",\"url\":\"https:\/\/www.naznet.com.tr\/web\/wp-content\/uploads\/2019\/06\/naznet_marka_web.jpg\",\"contentUrl\":\"https:\/\/www.naznet.com.tr\/web\/wp-content\/uploads\/2019\/06\/naznet_marka_web.jpg\",\"width\":650,\"height\":1000},{\"@type\":\"BreadcrumbList\",\"@id\":\"https:\/\/www.naznet.com.tr\/web\/naznet-markamiz\/#breadcrumb\",\"itemListElement\":[{\"@type\":\"ListItem\",\"position\":1,\"name\":\"Ana sayfa\",\"item\":\"https:\/\/www.naznet.com.tr\/web\/\"},{\"@type\":\"ListItem\",\"position\":2,\"name\":\"NAZNET Markam\u0131z\"}]},{\"@type\":\"WebSite\",\"@id\":\"https:\/\/www.naznet.com.tr\/web\/#website\",\"url\":\"https:\/\/www.naznet.com.tr\/web\/\",\"name\":\"NAZNET \ud83d\uddf2\",\"description\":\"Yeni Nesil Internet\",\"publisher\":{\"@id\":\"https:\/\/www.naznet.com.tr\/web\/#organization\"},\"potentialAction\":[{\"@type\":\"SearchAction\",\"target\":{\"@type\":\"EntryPoint\",\"urlTemplate\":\"https:\/\/www.naznet.com.tr\/web\/?s={search_term_string}\"},\"query-input\":{\"@type\":\"PropertyValueSpecification\",\"valueRequired\":true,\"valueName\":\"search_term_string\"}}],\"inLanguage\":\"tr\"},{\"@type\":\"Organization\",\"@id\":\"https:\/\/www.naznet.com.tr\/web\/#organization\",\"name\":\"NAZNET Yeni Nesil Internet \ud83d\uddf2\",\"url\":\"https:\/\/www.naznet.com.tr\/web\/\",\"logo\":{\"@type\":\"ImageObject\",\"inLanguage\":\"tr\",\"@id\":\"https:\/\/www.naznet.com.tr\/web\/#\/schema\/logo\/image\/\",\"url\":\"https:\/\/www.naznet.com.tr\/web\/wp-content\/uploads\/2019\/07\/naznet-yeni-logo-yeni-nesil-internet.jpg\",\"contentUrl\":\"https:\/\/www.naznet.com.tr\/web\/wp-content\/uploads\/2019\/07\/naznet-yeni-logo-yeni-nesil-internet.jpg\",\"width\":1200,\"height\":900,\"caption\":\"NAZNET Yeni Nesil Internet \ud83d\uddf2\"},\"image\":{\"@id\":\"https:\/\/www.naznet.com.tr\/web\/#\/schema\/logo\/image\/\"},\"sameAs\":[\"https:\/\/www.facebook.com\/naznetkablosuzinternet\/\",\"http:\/\/instagram.com\/naznetinternet\",\"https:\/\/www.youtube.com\/channel\/UCpmfrRntSn1uJ2vuZEDtWfg\"]}]}<\/script>\n<!-- \/ Yoast SEO plugin. -->","yoast_head_json":{"title":"NAZNET Markam\u0131z | NAZNET \ud83d\uddf2","description":"NAZNET Markam\u0131z | NAZNET Ayd\u0131n kablosuz fiber internet tamamen s\u0131n\u0131rs\u0131z, kotas\u0131z ve taahh\u00fcts\u00fcz en uygun fiyatlar hemen ba\u015fvur","robots":{"index":"index","follow":"follow","max-snippet":"max-snippet:-1","max-image-preview":"max-image-preview:large","max-video-preview":"max-video-preview:-1"},"canonical":"https:\/\/www.naznet.com.tr\/web\/naznet-markamiz\/","og_locale":"tr_TR","og_type":"article","og_title":"NAZNET Markam\u0131z | NAZNET \ud83d\uddf2","og_description":"NAZNET Markam\u0131z | NAZNET Ayd\u0131n kablosuz fiber internet tamamen s\u0131n\u0131rs\u0131z, kotas\u0131z ve taahh\u00fcts\u00fcz en uygun fiyatlar hemen ba\u015fvur","og_url":"https:\/\/www.naznet.com.tr\/web\/naznet-markamiz\/","og_site_name":"NAZNET \ud83d\uddf2","article_publisher":"https:\/\/www.facebook.com\/naznetkablosuzinternet\/","article_modified_time":"2020-02-24T13:35:42+00:00","og_image":[{"url":"https:\/\/www.naznet.com.tr\/web\/wp-content\/uploads\/2019\/06\/naznet_marka_web-195x300.jpg","type":"","width":"","height":""}],"twitter_card":"summary_large_image","schema":{"@context":"https:\/\/schema.org","@graph":[{"@type":"WebPage","@id":"https:\/\/www.naznet.com.tr\/web\/naznet-markamiz\/","url":"https:\/\/www.naznet.com.tr\/web\/naznet-markamiz\/","name":"NAZNET Markam\u0131z | NAZNET \ud83d\uddf2","isPartOf":{"@id":"https:\/\/www.naznet.com.tr\/web\/#website"},"primaryImageOfPage":{"@id":"https:\/\/www.naznet.com.tr\/web\/naznet-markamiz\/#primaryimage"},"image":{"@id":"https:\/\/www.naznet.com.tr\/web\/naznet-markamiz\/#primaryimage"},"thumbnailUrl":"https:\/\/www.naznet.com.tr\/web\/wp-content\/uploads\/2019\/06\/naznet_marka_web-195x300.jpg","datePublished":"2019-06-27T10:46:45+00:00","dateModified":"2020-02-24T13:35:42+00:00","description":"NAZNET Markam\u0131z | NAZNET Ayd\u0131n kablosuz fiber internet tamamen s\u0131n\u0131rs\u0131z, kotas\u0131z ve taahh\u00fcts\u00fcz en uygun fiyatlar hemen ba\u015fvur","breadcrumb":{"@id":"https:\/\/www.naznet.com.tr\/web\/naznet-markamiz\/#breadcrumb"},"inLanguage":"tr","potentialAction":[{"@type":"ReadAction","target":["https:\/\/www.naznet.com.tr\/web\/naznet-markamiz\/"]}]},{"@type":"ImageObject","inLanguage":"tr","@id":"https:\/\/www.naznet.com.tr\/web\/naznet-markamiz\/#primaryimage","url":"https:\/\/www.naznet.com.tr\/web\/wp-content\/uploads\/2019\/06\/naznet_marka_web.jpg","contentUrl":"https:\/\/www.naznet.com.tr\/web\/wp-content\/uploads\/2019\/06\/naznet_marka_web.jpg","width":650,"height":1000},{"@type":"BreadcrumbList","@id":"https:\/\/www.naznet.com.tr\/web\/naznet-markamiz\/#breadcrumb","itemListElement":[{"@type":"ListItem","position":1,"name":"Ana sayfa","item":"https:\/\/www.naznet.com.tr\/web\/"},{"@type":"ListItem","position":2,"name":"NAZNET Markam\u0131z"}]},{"@type":"WebSite","@id":"https:\/\/www.naznet.com.tr\/web\/#website","url":"https:\/\/www.naznet.com.tr\/web\/","name":"NAZNET \ud83d\uddf2","description":"Yeni Nesil Internet","publisher":{"@id":"https:\/\/www.naznet.com.tr\/web\/#organization"},"potentialAction":[{"@type":"SearchAction","target":{"@type":"EntryPoint","urlTemplate":"https:\/\/www.naznet.com.tr\/web\/?s={search_term_string}"},"query-input":{"@type":"PropertyValueSpecification","valueRequired":true,"valueName":"search_term_string"}}],"inLanguage":"tr"},{"@type":"Organization","@id":"https:\/\/www.naznet.com.tr\/web\/#organization","name":"NAZNET Yeni Nesil Internet \ud83d\uddf2","url":"https:\/\/www.naznet.com.tr\/web\/","logo":{"@type":"ImageObject","inLanguage":"tr","@id":"https:\/\/www.naznet.com.tr\/web\/#\/schema\/logo\/image\/","url":"https:\/\/www.naznet.com.tr\/web\/wp-content\/uploads\/2019\/07\/naznet-yeni-logo-yeni-nesil-internet.jpg","contentUrl":"https:\/\/www.naznet.com.tr\/web\/wp-content\/uploads\/2019\/07\/naznet-yeni-logo-yeni-nesil-internet.jpg","width":1200,"height":900,"caption":"NAZNET Yeni Nesil Internet \ud83d\uddf2"},"image":{"@id":"https:\/\/www.naznet.com.tr\/web\/#\/schema\/logo\/image\/"},"sameAs":["https:\/\/www.facebook.com\/naznetkablosuzinternet\/","http:\/\/instagram.com\/naznetinternet","https:\/\/www.youtube.com\/channel\/UCpmfrRntSn1uJ2vuZEDtWfg"]}]}},"_links":{"self":[{"href":"https:\/\/www.naznet.com.tr\/web\/wp-json\/wp\/v2\/pages\/517","targetHints":{"allow":["GET"]}}],"collection":[{"href":"https:\/\/www.naznet.com.tr\/web\/wp-json\/wp\/v2\/pages"}],"about":[{"href":"https:\/\/www.naznet.com.tr\/web\/wp-json\/wp\/v2\/types\/page"}],"author":[{"embeddable":true,"href":"https:\/\/www.naznet.com.tr\/web\/wp-json\/wp\/v2\/users\/1"}],"replies":[{"embeddable":true,"href":"https:\/\/www.naznet.com.tr\/web\/wp-json\/wp\/v2\/comments?post=517"}],"version-history":[{"count":0,"href":"https:\/\/www.naznet.com.tr\/web\/wp-json\/wp\/v2\/pages\/517\/revisions"}],"wp:attachment":[{"href":"https:\/\/www.naznet.com.tr\/web\/wp-json\/wp\/v2\/media?parent=517"}],"curies":[{"name":"wp","href":"https:\/\/api.w.org\/{rel}","templated":true}]}}