{"id":525,"date":"2019-06-28T17:47:01","date_gmt":"2019-06-28T14:47:01","guid":{"rendered":"https:\/\/www.naznet.com.tr\/web\/?page_id=525"},"modified":"2024-01-12T18:06:26","modified_gmt":"2024-01-12T15:06:26","slug":"hiz-testi","status":"publish","type":"page","link":"https:\/\/www.naznet.com.tr\/web\/hiz-testi\/","title":{"rendered":"H\u0131z Testi"},"content":{"rendered":"\t\t<div data-elementor-type=\"wp-post\" data-elementor-id=\"525\" class=\"elementor elementor-525\">\n\t\t\t\t\t\t<section class=\"elementor-section elementor-top-section elementor-element elementor-element-f2f4520 elementor-section-boxed elementor-section-height-default elementor-section-height-default\" data-id=\"f2f4520\" data-element_type=\"section\" data-e-type=\"section\">\n\t\t\t\t\t\t<div class=\"elementor-container elementor-column-gap-default\">\n\t\t\t\t\t<div class=\"elementor-column elementor-col-100 elementor-top-column elementor-element elementor-element-71cc94b\" data-id=\"71cc94b\" data-element_type=\"column\" data-e-type=\"column\">\n\t\t\t<div class=\"elementor-widget-wrap elementor-element-populated\">\n\t\t\t\t\t\t<section class=\"elementor-section elementor-inner-section elementor-element elementor-element-e5d7469 elementor-section-boxed elementor-section-height-default elementor-section-height-default\" data-id=\"e5d7469\" data-element_type=\"section\" data-e-type=\"section\">\n\t\t\t\t\t\t<div class=\"elementor-container elementor-column-gap-default\">\n\t\t\t\t\t<div class=\"elementor-column elementor-col-66 elementor-inner-column elementor-element elementor-element-7015c48\" data-id=\"7015c48\" data-element_type=\"column\" data-e-type=\"column\">\n\t\t\t<div class=\"elementor-widget-wrap elementor-element-populated\">\n\t\t\t\t\t\t<div class=\"elementor-element elementor-element-4b1d03f elementor-widget elementor-widget-html\" data-id=\"4b1d03f\" data-element_type=\"widget\" data-e-type=\"widget\" data-widget_type=\"html.default\">\n\t\t\t\t<div class=\"elementor-widget-container\">\n\t\t\t\t\t<script src=\"https:\/\/ws.nperf.com\/partner\/js?k=179ee096-2da9-4558-aea8-a11ab9f7c262\"><\/script>\t\t\t\t<\/div>\n\t\t\t\t<\/div>\n\t\t\t\t\t<\/div>\n\t\t<\/div>\n\t\t\t\t<div class=\"elementor-column elementor-col-33 elementor-inner-column elementor-element elementor-element-e91eb1e\" data-id=\"e91eb1e\" data-element_type=\"column\" data-e-type=\"column\">\n\t\t\t<div class=\"elementor-widget-wrap elementor-element-populated\">\n\t\t\t\t\t\t<div class=\"elementor-element elementor-element-f181f7d elementor-widget elementor-widget-heading\" data-id=\"f181f7d\" data-element_type=\"widget\" data-e-type=\"widget\" data-widget_type=\"heading.default\">\n\t\t\t\t<div class=\"elementor-widget-container\">\n\t\t\t\t\t<h2 class=\"elementor-heading-title elementor-size-default\">\u0130pucu<\/h2>\t\t\t\t<\/div>\n\t\t\t\t<\/div>\n\t\t\t\t<div class=\"elementor-element elementor-element-daafb53 elementor-widget elementor-widget-text-editor\" data-id=\"daafb53\" data-element_type=\"widget\" data-e-type=\"widget\" data-widget_type=\"text-editor.default\">\n\t\t\t\t<div class=\"elementor-widget-container\">\n\t\t\t\t\t\t\t\t\t<p>H\u0131z testi yapmadan \u00f6nce t\u00fcm g\u00fcncellemeleri, cihazlar\u0131 ve programlar\u0131 kapatman\u0131z gerekir. \u0130nterneti kullan\u0131yor olman\u0131z do\u011fru bir sonu\u00e7 vermeyecektir. Yani, internet h\u0131z testi sayfas\u0131 d\u0131\u015f\u0131ndaki b\u00fct\u00fcn sekmeleri ve varsa a\u00e7\u0131k olan oyunlar\u0131 kapatman\u0131z gerekir. \u0130ndirme yap\u0131yorsan\u0131z onu da durdurmal\u0131s\u0131n\u0131z. Telefonunuzun, tablet ve televizyonunuzun internete ba\u011flant\u0131s\u0131n\u0131 da kesmelisiniz. H\u0131z testi \u00f6ncesi alaca\u011f\u0131n\u0131z bu \u00f6nlemler sayesinde en do\u011fru sonu\u00e7lara ula\u015fabilirsiniz.<\/p>\t\t\t\t\t\t\t\t<\/div>\n\t\t\t\t<\/div>\n\t\t\t\t\t<\/div>\n\t\t<\/div>\n\t\t\t\t\t<\/div>\n\t\t<\/section>\n\t\t\t\t\t<\/div>\n\t\t<\/div>\n\t\t\t\t\t<\/div>\n\t\t<\/section>\n\t\t\t\t<\/div>\n\t\t","protected":false},"excerpt":{"rendered":"<p>\u0130pucu H\u0131z testi yapmadan \u00f6nce t\u00fcm g\u00fcncellemeleri, cihazlar\u0131 ve programlar\u0131 kapatman\u0131z gerekir. \u0130nterneti kullan\u0131yor olman\u0131z do\u011fru bir sonu\u00e7 vermeyecektir. Yani, internet h\u0131z testi sayfas\u0131 d\u0131\u015f\u0131ndaki b\u00fct\u00fcn sekmeleri ve varsa a\u00e7\u0131k olan oyunlar\u0131 kapatman\u0131z gerekir. \u0130ndirme yap\u0131yorsan\u0131z onu da durdurmal\u0131s\u0131n\u0131z. Telefonunuzun, tablet ve televizyonunuzun internete ba\u011flant\u0131s\u0131n\u0131 da kesmelisiniz. H\u0131z testi \u00f6ncesi alaca\u011f\u0131n\u0131z bu \u00f6nlemler sayesinde en [&hellip;]<\/p>\n","protected":false},"author":1,"featured_media":0,"parent":0,"menu_order":0,"comment_status":"closed","ping_status":"closed","template":"elementor_header_footer","meta":{"_joinchat":[],"footnotes":""},"class_list":["post-525","page","type-page","status-publish","hentry"],"yoast_head":"<!-- This site is optimized with the Yoast SEO plugin v26.9 - https:\/\/yoast.com\/product\/yoast-seo-wordpress\/ -->\n<title>H\u0131z Testi | NAZNET \ud83d\uddf2<\/title>\n<meta name=\"description\" content=\"H\u0131z Testi | NAZNET Ayd\u0131n kablosuz fiber internet tamamen s\u0131n\u0131rs\u0131z, kotas\u0131z ve taahh\u00fcts\u00fcz en uygun fiyatlar hemen ba\u015fvur\" \/>\n<meta name=\"robots\" content=\"index, follow, max-snippet:-1, max-image-preview:large, max-video-preview:-1\" \/>\n<link rel=\"canonical\" href=\"https:\/\/www.naznet.com.tr\/web\/hiz-testi\/\" \/>\n<meta property=\"og:locale\" content=\"tr_TR\" \/>\n<meta property=\"og:type\" content=\"article\" \/>\n<meta property=\"og:title\" content=\"H\u0131z Testi | NAZNET \ud83d\uddf2\" \/>\n<meta property=\"og:description\" content=\"H\u0131z Testi | NAZNET Ayd\u0131n kablosuz fiber internet tamamen s\u0131n\u0131rs\u0131z, kotas\u0131z ve taahh\u00fcts\u00fcz en uygun fiyatlar hemen ba\u015fvur\" \/>\n<meta property=\"og:url\" content=\"https:\/\/www.naznet.com.tr\/web\/hiz-testi\/\" \/>\n<meta property=\"og:site_name\" content=\"NAZNET \ud83d\uddf2\" \/>\n<meta property=\"article:publisher\" content=\"https:\/\/www.facebook.com\/naznetkablosuzinternet\/\" \/>\n<meta property=\"article:modified_time\" content=\"2024-01-12T15:06:26+00:00\" \/>\n<meta property=\"og:image\" content=\"https:\/\/www.naznet.com.tr\/web\/wp-content\/uploads\/2019\/07\/naznet-yeni-logo-yeni-nesil-internet.jpg\" \/>\n\t<meta property=\"og:image:width\" content=\"1200\" \/>\n\t<meta property=\"og:image:height\" content=\"900\" \/>\n\t<meta property=\"og:image:type\" content=\"image\/jpeg\" \/>\n<meta name=\"twitter:card\" content=\"summary_large_image\" \/>\n<meta name=\"twitter:label1\" content=\"Tahmini okuma s\u00fcresi\" \/>\n\t<meta name=\"twitter:data1\" content=\"1 dakika\" \/>\n<script type=\"application\/ld+json\" class=\"yoast-schema-graph\">{\"@context\":\"https:\/\/schema.org\",\"@graph\":[{\"@type\":\"WebPage\",\"@id\":\"https:\/\/www.naznet.com.tr\/web\/hiz-testi\/\",\"url\":\"https:\/\/www.naznet.com.tr\/web\/hiz-testi\/\",\"name\":\"H\u0131z Testi | NAZNET \ud83d\uddf2\",\"isPartOf\":{\"@id\":\"https:\/\/www.naznet.com.tr\/web\/#website\"},\"datePublished\":\"2019-06-28T14:47:01+00:00\",\"dateModified\":\"2024-01-12T15:06:26+00:00\",\"description\":\"H\u0131z Testi | NAZNET Ayd\u0131n kablosuz fiber internet tamamen s\u0131n\u0131rs\u0131z, kotas\u0131z ve taahh\u00fcts\u00fcz en uygun fiyatlar hemen ba\u015fvur\",\"breadcrumb\":{\"@id\":\"https:\/\/www.naznet.com.tr\/web\/hiz-testi\/#breadcrumb\"},\"inLanguage\":\"tr\",\"potentialAction\":[{\"@type\":\"ReadAction\",\"target\":[\"https:\/\/www.naznet.com.tr\/web\/hiz-testi\/\"]}]},{\"@type\":\"BreadcrumbList\",\"@id\":\"https:\/\/www.naznet.com.tr\/web\/hiz-testi\/#breadcrumb\",\"itemListElement\":[{\"@type\":\"ListItem\",\"position\":1,\"name\":\"Ana sayfa\",\"item\":\"https:\/\/www.naznet.com.tr\/web\/\"},{\"@type\":\"ListItem\",\"position\":2,\"name\":\"H\u0131z Testi\"}]},{\"@type\":\"WebSite\",\"@id\":\"https:\/\/www.naznet.com.tr\/web\/#website\",\"url\":\"https:\/\/www.naznet.com.tr\/web\/\",\"name\":\"NAZNET \ud83d\uddf2\",\"description\":\"Yeni Nesil Internet\",\"publisher\":{\"@id\":\"https:\/\/www.naznet.com.tr\/web\/#organization\"},\"potentialAction\":[{\"@type\":\"SearchAction\",\"target\":{\"@type\":\"EntryPoint\",\"urlTemplate\":\"https:\/\/www.naznet.com.tr\/web\/?s={search_term_string}\"},\"query-input\":{\"@type\":\"PropertyValueSpecification\",\"valueRequired\":true,\"valueName\":\"search_term_string\"}}],\"inLanguage\":\"tr\"},{\"@type\":\"Organization\",\"@id\":\"https:\/\/www.naznet.com.tr\/web\/#organization\",\"name\":\"NAZNET Yeni Nesil Internet \ud83d\uddf2\",\"url\":\"https:\/\/www.naznet.com.tr\/web\/\",\"logo\":{\"@type\":\"ImageObject\",\"inLanguage\":\"tr\",\"@id\":\"https:\/\/www.naznet.com.tr\/web\/#\/schema\/logo\/image\/\",\"url\":\"https:\/\/www.naznet.com.tr\/web\/wp-content\/uploads\/2019\/07\/naznet-yeni-logo-yeni-nesil-internet.jpg\",\"contentUrl\":\"https:\/\/www.naznet.com.tr\/web\/wp-content\/uploads\/2019\/07\/naznet-yeni-logo-yeni-nesil-internet.jpg\",\"width\":1200,\"height\":900,\"caption\":\"NAZNET Yeni Nesil Internet \ud83d\uddf2\"},\"image\":{\"@id\":\"https:\/\/www.naznet.com.tr\/web\/#\/schema\/logo\/image\/\"},\"sameAs\":[\"https:\/\/www.facebook.com\/naznetkablosuzinternet\/\",\"http:\/\/instagram.com\/naznetinternet\",\"https:\/\/www.youtube.com\/channel\/UCpmfrRntSn1uJ2vuZEDtWfg\"]}]}<\/script>\n<!-- \/ Yoast SEO plugin. -->","yoast_head_json":{"title":"H\u0131z Testi | NAZNET \ud83d\uddf2","description":"H\u0131z Testi | NAZNET Ayd\u0131n kablosuz fiber internet tamamen s\u0131n\u0131rs\u0131z, kotas\u0131z ve taahh\u00fcts\u00fcz en uygun fiyatlar hemen ba\u015fvur","robots":{"index":"index","follow":"follow","max-snippet":"max-snippet:-1","max-image-preview":"max-image-preview:large","max-video-preview":"max-video-preview:-1"},"canonical":"https:\/\/www.naznet.com.tr\/web\/hiz-testi\/","og_locale":"tr_TR","og_type":"article","og_title":"H\u0131z Testi | NAZNET \ud83d\uddf2","og_description":"H\u0131z Testi | NAZNET Ayd\u0131n kablosuz fiber internet tamamen s\u0131n\u0131rs\u0131z, kotas\u0131z ve taahh\u00fcts\u00fcz en uygun fiyatlar hemen ba\u015fvur","og_url":"https:\/\/www.naznet.com.tr\/web\/hiz-testi\/","og_site_name":"NAZNET \ud83d\uddf2","article_publisher":"https:\/\/www.facebook.com\/naznetkablosuzinternet\/","article_modified_time":"2024-01-12T15:06:26+00:00","og_image":[{"width":1200,"height":900,"url":"https:\/\/www.naznet.com.tr\/web\/wp-content\/uploads\/2019\/07\/naznet-yeni-logo-yeni-nesil-internet.jpg","type":"image\/jpeg"}],"twitter_card":"summary_large_image","twitter_misc":{"Tahmini okuma s\u00fcresi":"1 dakika"},"schema":{"@context":"https:\/\/schema.org","@graph":[{"@type":"WebPage","@id":"https:\/\/www.naznet.com.tr\/web\/hiz-testi\/","url":"https:\/\/www.naznet.com.tr\/web\/hiz-testi\/","name":"H\u0131z Testi | NAZNET \ud83d\uddf2","isPartOf":{"@id":"https:\/\/www.naznet.com.tr\/web\/#website"},"datePublished":"2019-06-28T14:47:01+00:00","dateModified":"2024-01-12T15:06:26+00:00","description":"H\u0131z Testi | NAZNET Ayd\u0131n kablosuz fiber internet tamamen s\u0131n\u0131rs\u0131z, kotas\u0131z ve taahh\u00fcts\u00fcz en uygun fiyatlar hemen ba\u015fvur","breadcrumb":{"@id":"https:\/\/www.naznet.com.tr\/web\/hiz-testi\/#breadcrumb"},"inLanguage":"tr","potentialAction":[{"@type":"ReadAction","target":["https:\/\/www.naznet.com.tr\/web\/hiz-testi\/"]}]},{"@type":"BreadcrumbList","@id":"https:\/\/www.naznet.com.tr\/web\/hiz-testi\/#breadcrumb","itemListElement":[{"@type":"ListItem","position":1,"name":"Ana sayfa","item":"https:\/\/www.naznet.com.tr\/web\/"},{"@type":"ListItem","position":2,"name":"H\u0131z Testi"}]},{"@type":"WebSite","@id":"https:\/\/www.naznet.com.tr\/web\/#website","url":"https:\/\/www.naznet.com.tr\/web\/","name":"NAZNET \ud83d\uddf2","description":"Yeni Nesil Internet","publisher":{"@id":"https:\/\/www.naznet.com.tr\/web\/#organization"},"potentialAction":[{"@type":"SearchAction","target":{"@type":"EntryPoint","urlTemplate":"https:\/\/www.naznet.com.tr\/web\/?s={search_term_string}"},"query-input":{"@type":"PropertyValueSpecification","valueRequired":true,"valueName":"search_term_string"}}],"inLanguage":"tr"},{"@type":"Organization","@id":"https:\/\/www.naznet.com.tr\/web\/#organization","name":"NAZNET Yeni Nesil Internet \ud83d\uddf2","url":"https:\/\/www.naznet.com.tr\/web\/","logo":{"@type":"ImageObject","inLanguage":"tr","@id":"https:\/\/www.naznet.com.tr\/web\/#\/schema\/logo\/image\/","url":"https:\/\/www.naznet.com.tr\/web\/wp-content\/uploads\/2019\/07\/naznet-yeni-logo-yeni-nesil-internet.jpg","contentUrl":"https:\/\/www.naznet.com.tr\/web\/wp-content\/uploads\/2019\/07\/naznet-yeni-logo-yeni-nesil-internet.jpg","width":1200,"height":900,"caption":"NAZNET Yeni Nesil Internet \ud83d\uddf2"},"image":{"@id":"https:\/\/www.naznet.com.tr\/web\/#\/schema\/logo\/image\/"},"sameAs":["https:\/\/www.facebook.com\/naznetkablosuzinternet\/","http:\/\/instagram.com\/naznetinternet","https:\/\/www.youtube.com\/channel\/UCpmfrRntSn1uJ2vuZEDtWfg"]}]}},"_links":{"self":[{"href":"https:\/\/www.naznet.com.tr\/web\/wp-json\/wp\/v2\/pages\/525","targetHints":{"allow":["GET"]}}],"collection":[{"href":"https:\/\/www.naznet.com.tr\/web\/wp-json\/wp\/v2\/pages"}],"about":[{"href":"https:\/\/www.naznet.com.tr\/web\/wp-json\/wp\/v2\/types\/page"}],"author":[{"embeddable":true,"href":"https:\/\/www.naznet.com.tr\/web\/wp-json\/wp\/v2\/users\/1"}],"replies":[{"embeddable":true,"href":"https:\/\/www.naznet.com.tr\/web\/wp-json\/wp\/v2\/comments?post=525"}],"version-history":[{"count":0,"href":"https:\/\/www.naznet.com.tr\/web\/wp-json\/wp\/v2\/pages\/525\/revisions"}],"wp:attachment":[{"href":"https:\/\/www.naznet.com.tr\/web\/wp-json\/wp\/v2\/media?parent=525"}],"curies":[{"name":"wp","href":"https:\/\/api.w.org\/{rel}","templated":true}]}}